{"id":11,"date":"2023-10-20T08:10:59","date_gmt":"2023-10-20T08:10:59","guid":{"rendered":"https:\/\/freelance.nickolas.solutions\/mmspro\/?page_id=11"},"modified":"2023-10-20T11:57:09","modified_gmt":"2023-10-20T11:57:09","slug":"projet","status":"publish","type":"page","link":"https:\/\/freelance.nickolas.solutions\/mmspro\/index.php\/projet\/","title":{"rendered":"Projet"},"content":{"rendered":"\n<p>La r\u00e9sidence &#8220;La Boh\u00e8me de Lutry&#8221; est parfaitement situ\u00e9e \u00e0 quelques minutes de l&#8217;entr\u00e9e d&#8217;autoroute dans les hauteurs de la Commune de Lutry. Proche de toutes les commodit\u00e9s (\u00e9coles, commerces, restaurants et transport en commun), ce magnifique projet offre la situation id\u00e9ale pour les familles et les personnes \u00e0 la recherche d\u2019un point central \u00e0 toutes les activit\u00e9s. Implant\u00e9e sur une grande parcelle d&#8217;environ 3&#8217;500 m2, la r\u00e9sidence se compose de 12 appartements allant du 2.5 pi\u00e8ces au 4.5 pi\u00e8ces. Chaque appartement poss\u00e8de une grande terrasse ou un jardin orient\u00e9 plein Sud avec vue panoramique sur le Lac L\u00e9man.<\/p>\n\n\n\n<p><\/p>\n","protected":false},"excerpt":{"rendered":"<p>La r\u00e9sidence &#8220;La Boh\u00e8me de Lutry&#8221; est parfaitement situ\u00e9e \u00e0 quelques minutes de l&#8217;entr\u00e9e d&#8217;autoroute dans les hauteurs de la Commune de Lutry. Proche de toutes les commodit\u00e9s (\u00e9coles, commerces, restaurants et transport en commun), ce magnifique projet offre la situation id\u00e9ale pour les familles et les personnes \u00e0 la recherche d\u2019un point central \u00e0 [&hellip;]<\/p>\n","protected":false},"author":1,"featured_media":0,"parent":0,"menu_order":0,"comment_status":"closed","ping_status":"closed","template":"","meta":{"footnotes":""},"_links":{"self":[{"href":"https:\/\/freelance.nickolas.solutions\/mmspro\/index.php\/wp-json\/wp\/v2\/pages\/11"}],"collection":[{"href":"https:\/\/freelance.nickolas.solutions\/mmspro\/index.php\/wp-json\/wp\/v2\/pages"}],"about":[{"href":"https:\/\/freelance.nickolas.solutions\/mmspro\/index.php\/wp-json\/wp\/v2\/types\/page"}],"author":[{"embeddable":true,"href":"https:\/\/freelance.nickolas.solutions\/mmspro\/index.php\/wp-json\/wp\/v2\/users\/1"}],"replies":[{"embeddable":true,"href":"https:\/\/freelance.nickolas.solutions\/mmspro\/index.php\/wp-json\/wp\/v2\/comments?post=11"}],"version-history":[{"count":2,"href":"https:\/\/freelance.nickolas.solutions\/mmspro\/index.php\/wp-json\/wp\/v2\/pages\/11\/revisions"}],"predecessor-version":[{"id":38,"href":"https:\/\/freelance.nickolas.solutions\/mmspro\/index.php\/wp-json\/wp\/v2\/pages\/11\/revisions\/38"}],"wp:attachment":[{"href":"https:\/\/freelance.nickolas.solutions\/mmspro\/index.php\/wp-json\/wp\/v2\/media?parent=11"}],"curies":[{"name":"wp","href":"https:\/\/api.w.org\/{rel}","templated":true}]}}